{"id":3,"date":"2024-04-21T18:40:45","date_gmt":"2024-04-21T18:40:45","guid":{"rendered":"https:\/\/iterum.lv\/?page_id=3"},"modified":"2025-02-28T09:16:56","modified_gmt":"2025-02-28T09:16:56","slug":"privacy-policy","status":"publish","type":"page","link":"https:\/\/iterum.lv\/en\/privacy-policy\/","title":{"rendered":"Privacy Policy"},"content":{"rendered":"\n<p>AS &#8220;ITERUM&#8221; re\u0123istr\u0101cijas numurs:\u00a042103029708 , Elejas iela 1, Gr\u0113nes, Olaines pagasts, Olaines novads, LV \u2013 2127 (turpm\u0101k tekst\u0101 \u2013 ITERUM) ir uz\u0146\u0113musies pien\u0101kumu aizsarg\u0101t klientu priv\u0101tumu. Saska\u0146\u0101 ar to esam sagatavoju\u0161i Priv\u0101tuma politikas principus, kas attiecas uz klientu personas datu ieg\u016b\u0161anu, izmanto\u0161anu, public\u0113\u0161anu, nodo\u0161anu un uzglab\u0101\u0161anu. M\u016bsu darb\u012bba t\u012bmekl\u012b notiek saska\u0146\u0101 ar Latvijas Republikas likumiem, k\u0101 ar\u012b attiec\u012bgiem Eiropas Savien\u012bbas ties\u012bbu aktiem.<\/p>\n\n\n\n<p>L\u016bdzu, veltiet da\u017eas min\u016btes tam, lai iepaz\u012btos ar m\u016bsu Priv\u0101tuma politikas principiem.<\/p>\n\n\n\n<h2 class=\"wp-block-heading\">1. Personas datu ieguve un izmanto\u0161ana<\/h2>\n\n\n\n<p>Par personas datiem uzskat\u0101mas zi\u0146as, kuras persona ir sniegusi ITERUM, lai pieteiktu pakalpojumu, nosl\u0113gtu l\u012bgumu, izpild\u012btu nosl\u0113gt\u0101 l\u012bguma noteikumus, sniegtu vai sa\u0146emtu inform\u0101ciju.<br>Klientu personas datu ieg\u016b\u0161ana var notikt \u0161\u0101di:<br>1.1.\u00a0klientam veicot autoriz\u0101ciju t\u012bmek\u013ca vietn\u0113 iterum.lv (v\u0101rds, uzv\u0101rds, personas kods).<br>1.2. sniedzot kontaktinform\u0101ciju (v\u0101rds, uzv\u0101rds, pasta adrese, t\u0101lru\u0146a numurs, elektronisk\u0101 pasta adrese u.c.).<br>1.3 t\u012bmek\u013ca vietn\u0113 iterum.lv\u00a0izmantojot s\u012bkdatnes (cookies).<br>1.4 sl\u0113dzot l\u012bgumu par pakalpojumu sa\u0146em\u0161anu.<\/p>\n\n\n\n<h2 class=\"wp-block-heading\">2. Klienta personas datu aizsardz\u012bba<\/h2>\n\n\n\n<p>ITERUM veic visus iesp\u0113jamos dro\u0161\u012bbas pas\u0101kumus (tostarp administrat\u012bvos, tehniskos un fiziskos), lai aizsarg\u0101tu fizisko personu datus. Dati tre\u0161aj\u0101m person\u0101m var tikt izpausti normat\u012bvajos aktos noteiktajos gad\u012bjumos.<\/p>\n\n\n\n<h2 class=\"wp-block-heading\">3. Datu dro\u0161\u012bba<\/h2>\n\n\n\n<p>Visi klientu personas dati, kas k\u013cuvu\u0161i zin\u0101mi ITERUM t\u0101s t\u012bmek\u013ca vietnes apmekl\u0113juma laik\u0101, ir uzskat\u0101mi par konfidenci\u0101lu inform\u0101ciju. \u0160ifr\u0113tais kan\u0101ls datu nodo\u0161anai starp bank\u0101m nodro\u0161ina personas datu un banku rekviz\u012btu dro\u0161\u012bbu.<\/p>\n\n\n\n<p>Lai aizsarg\u0101tu klienta intereses, m\u0113s nodro\u0161in\u0101m:<\/p>\n\n\n\n<ul>\n<li>god\u012bgu un likumisku personas datu apstr\u0101di;<\/li>\n\n\n\n<li>personas datu apstr\u0101di tikai atbilsto\u0161i nor\u0101d\u012btajam nol\u016bkam un nepiecie\u0161amaj\u0101 apm\u0113r\u0101;<\/li>\n\n\n\n<li>t\u0101du personas datu uzglab\u0101\u0161anas veidu, kas nodro\u0161ina iesp\u0113ju identific\u0113t klientu jebkur\u0101 attiec\u012bgaj\u0101 br\u012bd\u012b, kur\u0161 nep\u0101rsniedz s\u0101kotn\u0113ji nor\u0101d\u012btajam datu apstr\u0101des nol\u016bkam paredz\u0113to periodu;<\/li>\n\n\n\n<li>prec\u012bzu personas datu apstr\u0101di un to savlaic\u012bgu atjaunin\u0101\u0161anu, labo\u0161anu vai dz\u0113\u0161anu, ja personas dati ir nepiln\u012bgi vai neprec\u012bzi, vai persona noteikt\u0101 k\u0101rt\u012bb\u0101 piepras\u012bjusi tos dz\u0113st.<\/li>\n<\/ul>\n\n\n\n<p>Klientam ir ties\u012bbas pamatoti piepras\u012bt, lai vi\u0146a personas dati tiktu papildin\u0101ti, laboti, k\u0101 ar\u012b lai personas datu apstr\u0101de tiktu izbeigta vai dati tiktu dz\u0113sti, ja tie ir novecoju\u0161i, nepiln\u012bgi, nepatiesi, pretlikum\u012bgi apstr\u0101d\u0101ti vai vairs neatbilst s\u0101kotn\u0113ji min\u0113tajam datu apstr\u0101des nol\u016bkam.<\/p>\n\n\n\n<h2 class=\"wp-block-heading\">4. Priv\u0101tuma politikas noteikumi un groz\u012bjumi<\/h2>\n\n\n\n<p>M\u0113s pie\u0146emam, ka pirms m\u016bsu t\u012bmek\u013ca vietnes izmanto\u0161anas vai k\u013c\u016bstot par m\u016bsu klientu, J\u016bs esat izlas\u012bju\u0161i m\u016bsu Priv\u0101tuma politikas principus un noteikumus un esat akcept\u0113ju\u0161i tos. M\u0113s paturam sev ties\u012bbas veikt groz\u012bjumus Priv\u0101tuma politikas nosac\u012bjumos, aktu\u0101l\u0101 ir pieejam\u0101 Priv\u0101tuma politikas redakcija.<br>Visu ar Priv\u0101tuma politiku vai datu apstr\u0101di saist\u012bto jaut\u0101jumu un probl\u0113mu risin\u0101\u0161anai, k\u0101 ar\u012b citos gad\u012bjumos, l\u016bdzam sazin\u0101ties ar mums, izmantojot elektronisk\u0101 pasta adresi\u00a0<a href=\"mailto:dati@iterum.lv\">dati@iterum.lv<\/a>.<\/p>\n","protected":false},"excerpt":{"rendered":"<p>AS &#8220;ITERUM&#8221; re\u0123istr\u0101cijas numurs:\u00a042103029708 , Elejas iela 1, Gr\u0113nes, Olaines pagasts, Olaines novads, LV \u2013 2127 (turpm\u0101k tekst\u0101 \u2013 ITERUM) ir uz\u0146\u0113musies pien\u0101kumu aizsarg\u0101t klientu priv\u0101tumu. Saska\u0146\u0101 ar to esam sagatavoju\u0161i Priv\u0101tuma politikas principus, kas attiecas uz klientu personas datu ieg\u016b\u0161anu, izmanto\u0161anu, public\u0113\u0161anu, nodo\u0161anu un uzglab\u0101\u0161anu. M\u016bsu darb\u012bba t\u012bmekl\u012b notiek saska\u0146\u0101 ar Latvijas Republikas likumiem, [&hellip;]<\/p>\n","protected":false},"author":1,"featured_media":0,"parent":0,"menu_order":0,"comment_status":"closed","ping_status":"open","template":"","meta":{"_acf_changed":false,"inline_featured_image":false,"footnotes":""},"acf":[],"yoast_head":"<!-- This site is optimized with the Yoast SEO plugin v22.8 - https:\/\/yoast.com\/wordpress\/plugins\/seo\/ -->\n<title>Privacy Policy - Iterum<\/title>\n<meta name=\"robots\" content=\"index, follow, max-snippet:-1, max-image-preview:large, max-video-preview:-1\" \/>\n<link rel=\"canonical\" href=\"https:\/\/iterum.lv\/en\/privacy-policy\/\" \/>\n<meta property=\"og:locale\" content=\"en_US\" \/>\n<meta property=\"og:type\" content=\"article\" \/>\n<meta property=\"og:title\" content=\"Privacy Policy - Iterum\" \/>\n<meta property=\"og:description\" content=\"AS &#8220;ITERUM&#8221; re\u0123istr\u0101cijas numurs:\u00a042103029708 , Elejas iela 1, Gr\u0113nes, Olaines pagasts, Olaines novads, LV \u2013 2127 (turpm\u0101k tekst\u0101 \u2013 ITERUM) ir uz\u0146\u0113musies pien\u0101kumu aizsarg\u0101t klientu priv\u0101tumu. Saska\u0146\u0101 ar to esam sagatavoju\u0161i Priv\u0101tuma politikas principus, kas attiecas uz klientu personas datu ieg\u016b\u0161anu, izmanto\u0161anu, public\u0113\u0161anu, nodo\u0161anu un uzglab\u0101\u0161anu. M\u016bsu darb\u012bba t\u012bmekl\u012b notiek saska\u0146\u0101 ar Latvijas Republikas likumiem, [&hellip;]\" \/>\n<meta property=\"og:url\" content=\"https:\/\/iterum.lv\/en\/privacy-policy\/\" \/>\n<meta property=\"og:site_name\" content=\"Iterum\" \/>\n<meta property=\"article:modified_time\" content=\"2025-02-28T09:16:56+00:00\" \/>\n<meta name=\"twitter:card\" content=\"summary_large_image\" \/>\n<meta name=\"twitter:label1\" content=\"Est. reading time\" \/>\n\t<meta name=\"twitter:data1\" content=\"3 minutes\" \/>\n<script type=\"application\/ld+json\" class=\"yoast-schema-graph\">{\"@context\":\"https:\/\/schema.org\",\"@graph\":[{\"@type\":\"WebPage\",\"@id\":\"https:\/\/iterum.lv\/en\/privacy-policy\/\",\"url\":\"https:\/\/iterum.lv\/en\/privacy-policy\/\",\"name\":\"Privacy Policy - Iterum\",\"isPartOf\":{\"@id\":\"http:\/\/iterum.lv\/#website\"},\"datePublished\":\"2024-04-21T18:40:45+00:00\",\"dateModified\":\"2025-02-28T09:16:56+00:00\",\"breadcrumb\":{\"@id\":\"https:\/\/iterum.lv\/en\/privacy-policy\/#breadcrumb\"},\"inLanguage\":\"en-US\",\"potentialAction\":[{\"@type\":\"ReadAction\",\"target\":[\"https:\/\/iterum.lv\/en\/privacy-policy\/\"]}]},{\"@type\":\"BreadcrumbList\",\"@id\":\"https:\/\/iterum.lv\/en\/privacy-policy\/#breadcrumb\",\"itemListElement\":[{\"@type\":\"ListItem\",\"position\":1,\"name\":\"Home\",\"item\":\"http:\/\/iterum.lv\/\"},{\"@type\":\"ListItem\",\"position\":2,\"name\":\"Privacy Policy\"}]},{\"@type\":\"WebSite\",\"@id\":\"http:\/\/iterum.lv\/#website\",\"url\":\"http:\/\/iterum.lv\/\",\"name\":\"Iterum\",\"description\":\"Recycling polymers into sustainable future\",\"potentialAction\":[{\"@type\":\"SearchAction\",\"target\":{\"@type\":\"EntryPoint\",\"urlTemplate\":\"http:\/\/iterum.lv\/?s={search_term_string}\"},\"query-input\":\"required name=search_term_string\"}],\"inLanguage\":\"en-US\"}]}<\/script>\n<!-- \/ Yoast SEO plugin. -->","yoast_head_json":{"title":"Privacy Policy - Iterum","robots":{"index":"index","follow":"follow","max-snippet":"max-snippet:-1","max-image-preview":"max-image-preview:large","max-video-preview":"max-video-preview:-1"},"canonical":"https:\/\/iterum.lv\/en\/privacy-policy\/","og_locale":"en_US","og_type":"article","og_title":"Privacy Policy - Iterum","og_description":"AS &#8220;ITERUM&#8221; re\u0123istr\u0101cijas numurs:\u00a042103029708 , Elejas iela 1, Gr\u0113nes, Olaines pagasts, Olaines novads, LV \u2013 2127 (turpm\u0101k tekst\u0101 \u2013 ITERUM) ir uz\u0146\u0113musies pien\u0101kumu aizsarg\u0101t klientu priv\u0101tumu. Saska\u0146\u0101 ar to esam sagatavoju\u0161i Priv\u0101tuma politikas principus, kas attiecas uz klientu personas datu ieg\u016b\u0161anu, izmanto\u0161anu, public\u0113\u0161anu, nodo\u0161anu un uzglab\u0101\u0161anu. M\u016bsu darb\u012bba t\u012bmekl\u012b notiek saska\u0146\u0101 ar Latvijas Republikas likumiem, [&hellip;]","og_url":"https:\/\/iterum.lv\/en\/privacy-policy\/","og_site_name":"Iterum","article_modified_time":"2025-02-28T09:16:56+00:00","twitter_card":"summary_large_image","twitter_misc":{"Est. reading time":"3 minutes"},"schema":{"@context":"https:\/\/schema.org","@graph":[{"@type":"WebPage","@id":"https:\/\/iterum.lv\/en\/privacy-policy\/","url":"https:\/\/iterum.lv\/en\/privacy-policy\/","name":"Privacy Policy - Iterum","isPartOf":{"@id":"http:\/\/iterum.lv\/#website"},"datePublished":"2024-04-21T18:40:45+00:00","dateModified":"2025-02-28T09:16:56+00:00","breadcrumb":{"@id":"https:\/\/iterum.lv\/en\/privacy-policy\/#breadcrumb"},"inLanguage":"en-US","potentialAction":[{"@type":"ReadAction","target":["https:\/\/iterum.lv\/en\/privacy-policy\/"]}]},{"@type":"BreadcrumbList","@id":"https:\/\/iterum.lv\/en\/privacy-policy\/#breadcrumb","itemListElement":[{"@type":"ListItem","position":1,"name":"Home","item":"http:\/\/iterum.lv\/"},{"@type":"ListItem","position":2,"name":"Privacy Policy"}]},{"@type":"WebSite","@id":"http:\/\/iterum.lv\/#website","url":"http:\/\/iterum.lv\/","name":"Iterum","description":"Recycling polymers into sustainable future","potentialAction":[{"@type":"SearchAction","target":{"@type":"EntryPoint","urlTemplate":"http:\/\/iterum.lv\/?s={search_term_string}"},"query-input":"required name=search_term_string"}],"inLanguage":"en-US"}]}},"_links":{"self":[{"href":"https:\/\/iterum.lv\/en\/wp-json\/wp\/v2\/pages\/3"}],"collection":[{"href":"https:\/\/iterum.lv\/en\/wp-json\/wp\/v2\/pages"}],"about":[{"href":"https:\/\/iterum.lv\/en\/wp-json\/wp\/v2\/types\/page"}],"author":[{"embeddable":true,"href":"https:\/\/iterum.lv\/en\/wp-json\/wp\/v2\/users\/1"}],"replies":[{"embeddable":true,"href":"https:\/\/iterum.lv\/en\/wp-json\/wp\/v2\/comments?post=3"}],"version-history":[{"count":2,"href":"https:\/\/iterum.lv\/en\/wp-json\/wp\/v2\/pages\/3\/revisions"}],"predecessor-version":[{"id":1397,"href":"https:\/\/iterum.lv\/en\/wp-json\/wp\/v2\/pages\/3\/revisions\/1397"}],"wp:attachment":[{"href":"https:\/\/iterum.lv\/en\/wp-json\/wp\/v2\/media?parent=3"}],"curies":[{"name":"wp","href":"https:\/\/api.w.org\/{rel}","templated":true}]}}